{"id":9625,"date":"2021-11-30T16:15:17","date_gmt":"2021-11-30T15:15:17","guid":{"rendered":"https:\/\/www.lab-event.com\/partners\/"},"modified":"2025-03-24T14:54:50","modified_gmt":"2025-03-24T13:54:50","slug":"partners","status":"publish","type":"page","link":"https:\/\/www.lab-event.com\/en\/partners\/","title":{"rendered":"Partners"},"content":{"rendered":"<div class=\"wpb-content-wrapper\"><p>[vc_row][vc_column][vc_column_text]<\/p>\n<h5 style=\"text-align: center;\"><strong>Ensemble nous sommes plus forts\u00a0!<\/strong> \ud83e\udd1d<\/h5>\n<p style=\"text-align: center;\">Lab Event est fier de vous pr\u00e9senter ses partenaires de confiance. Ces derniers sont tri\u00e9s sur le volet et apporteront sans aucun doute une forte valeur ajout\u00e9e \u00e0 votre projet.<\/p>\n<p>[\/vc_column_text][vc_column_text]<\/p>\n<p style=\"text-align: center;\"><img decoding=\"async\" class=\"alignnone\" style=\"width: 100px; margin-right: 30px;\" src=\"\/wp-content\/themes\/child\/images\/pink_line.svg\" alt=\"barre de s\u00e9paration - Lab Event\" width=\"300\" height=\"35\" \/><\/p>\n<p>[\/vc_column_text][\/vc_column][\/vc_row][vc_row][vc_column][vc_column_text]<\/p>\n<h2 style=\"text-align: center;\">Associations<\/h2>\n<p>[\/vc_column_text][\/vc_column][\/vc_row][vc_row][vc_column width=&#8221;1\/3&#8243;][vc_single_image image=&#8221;27532&#8243; img_size=&#8221;medium&#8221; alignment=&#8221;center&#8221;][\/vc_column][vc_column width=&#8221;1\/3&#8243;][vc_single_image image=&#8221;27534&#8243; img_size=&#8221;medium&#8221; alignment=&#8221;center&#8221;][\/vc_column][vc_column width=&#8221;1\/3&#8243;][vc_single_image image=&#8221;27537&#8243; img_size=&#8221;medium&#8221; alignment=&#8221;center&#8221;][\/vc_column][\/vc_row][vc_row][vc_column][vc_empty_space][vc_column_text]<\/p>\n<h2 style=\"text-align: center;\">Partenaires<\/h2>\n<p>[\/vc_column_text][\/vc_column][\/vc_row][vc_row][vc_column width=&#8221;1\/4&#8243;][\/vc_column][vc_column width=&#8221;1\/4&#8243;][vc_single_image image=&#8221;27539&#8243; img_size=&#8221;medium&#8221; alignment=&#8221;center&#8221;][\/vc_column][vc_column width=&#8221;1\/4&#8243;][vc_single_image image=&#8221;27541&#8243; img_size=&#8221;medium&#8221; alignment=&#8221;center&#8221;][\/vc_column][vc_column width=&#8221;1\/4&#8243;][\/vc_column][\/vc_row][vc_row][vc_column][vc_empty_space height=&#8221;100px&#8221;][vc_column_text]Par ailleurs, nous cherchons constamment \u00e0 collaborer avec d\u2019autres start-up et \u00e0 interconnecter davantage Lab Event dans l\u2019\u00e9cosyst\u00e8me entrepreneurial.<\/p>\n<p>Si vous souhaitez nous rejoindre, n\u2019h\u00e9sitez-plus, on vous attend\u00a0![\/vc_column_text][\/vc_column][\/vc_row][vc_row][vc_column width=&#8221;1\/3&#8243;][\/vc_column][vc_column width=&#8221;1\/3&#8243;][vc_column_text][vc_btn title=&#8221;BECOME PARTNER&#8221; style=&#8221;classic&#8221; color=&#8221;white&#8221; size=&#8221;lg&#8221; align=&#8221;center&#8221; button_block=&#8221;true&#8221; css=&#8221;.vc_custom_1572218549652{border-radius: 5px !important;}&#8221; el_id=&#8221;bouton_essai&#8221; link=&#8221;url:https%3A%2F%2Fwww.lab-event.com%2Fen%2Frequest-for-contact%2F|&#8221;][\/vc_column_text][\/vc_column][vc_column width=&#8221;1\/3&#8243;][\/vc_column][\/vc_row][vc_row][vc_column][vc_column_text]<\/p>\n<p style=\"text-align: center;\"><img decoding=\"async\" class=\"alignnone\" style=\"width: 100px; margin-right: 30px;\" src=\"\/wp-content\/themes\/child\/images\/pink_line.svg\" alt=\"barre de s\u00e9paration - Lab Event\" width=\"300\" height=\"35\" \/><\/p>\n<p>[\/vc_column_text][\/vc_column][\/vc_row][vc_row][vc_column][vc_column_text][\/vc_column_text][\/vc_column][\/vc_row]<\/p>\n<\/div>","protected":false},"excerpt":{"rendered":"<p>[vc_row][vc_column][vc_column_text] Ensemble nous sommes plus forts\u00a0! \ud83e\udd1d Lab Event est fier de vous pr\u00e9senter ses partenaires de confiance. Ces derniers sont tri\u00e9s sur le volet et apporteront sans aucun doute une forte valeur ajout\u00e9e \u00e0 votre projet. [\/vc_column_text][vc_column_text] [\/vc_column_text][\/vc_column][\/vc_row][vc_row][vc_column][vc_column_text] Associations [\/vc_column_text][\/vc_column][\/vc_row][vc_row][vc_column width=&#8221;1\/3&#8243;][vc_single_image image=&#8221;27532&#8243; img_size=&#8221;medium&#8221; alignment=&#8221;center&#8221;][\/vc_column][vc_column width=&#8221;1\/3&#8243;][vc_single_image image=&#8221;27534&#8243; img_size=&#8221;medium&#8221; alignment=&#8221;center&#8221;][\/vc_column][vc_column width=&#8221;1\/3&#8243;][vc_single_image image=&#8221;27537&#8243; img_size=&#8221;medium&#8221; alignment=&#8221;center&#8221;][\/vc_column][\/vc_row][vc_row][vc_column][vc_empty_space][vc_column_text] Partenaires [\/vc_column_text][\/vc_column][\/vc_row][vc_row][vc_column&hellip;<\/p>\n","protected":false},"author":1,"featured_media":0,"parent":0,"menu_order":0,"comment_status":"closed","ping_status":"closed","template":"","meta":{"footnotes":""},"class_list":["post-9625","page","type-page","status-publish","hentry","description-off"],"_links":{"self":[{"href":"https:\/\/www.lab-event.com\/en\/wp-json\/wp\/v2\/pages\/9625","targetHints":{"allow":["GET"]}}],"collection":[{"href":"https:\/\/www.lab-event.com\/en\/wp-json\/wp\/v2\/pages"}],"about":[{"href":"https:\/\/www.lab-event.com\/en\/wp-json\/wp\/v2\/types\/page"}],"author":[{"embeddable":true,"href":"https:\/\/www.lab-event.com\/en\/wp-json\/wp\/v2\/users\/1"}],"replies":[{"embeddable":true,"href":"https:\/\/www.lab-event.com\/en\/wp-json\/wp\/v2\/comments?post=9625"}],"version-history":[{"count":13,"href":"https:\/\/www.lab-event.com\/en\/wp-json\/wp\/v2\/pages\/9625\/revisions"}],"predecessor-version":[{"id":27821,"href":"https:\/\/www.lab-event.com\/en\/wp-json\/wp\/v2\/pages\/9625\/revisions\/27821"}],"wp:attachment":[{"href":"https:\/\/www.lab-event.com\/en\/wp-json\/wp\/v2\/media?parent=9625"}],"curies":[{"name":"wp","href":"https:\/\/api.w.org\/{rel}","templated":true}]}}