{"id":31045,"date":"2025-09-17T12:21:21","date_gmt":"2025-09-17T10:21:21","guid":{"rendered":"https:\/\/www.lab-event.com\/?page_id=31045"},"modified":"2025-09-17T12:21:21","modified_gmt":"2025-09-17T10:21:21","slug":"download-the-event-sector-revival-survey-june-2022-2","status":"publish","type":"page","link":"https:\/\/www.lab-event.com\/en\/download-the-event-sector-revival-survey-june-2022-2\/","title":{"rendered":"Download the event sector revival survey : June 2022"},"content":{"rendered":"<div class=\"wpb-content-wrapper\"><p>[vc_row][vc_column][vc_column_text]<div class='w3eden'><!-- WPDM Link Template: Default Template -->\n\n<div class=\"link-template-default card mb-2\">\n    <div class=\"card-body\">\n        <div class=\"media\">\n            <div class=\"mr-3 img-48\"><img decoding=\"async\" class=\"wpdm_icon\" alt=\"Icon\" src=\"https:\/\/www.lab-event.com\/wp-content\/plugins\/download-manager\/assets\/file-type-icons\/pdf.svg\" \/><\/div>\n            <div class=\"media-body\">\n                <h3 class=\"package-title\"><a href='https:\/\/www.lab-event.com\/en\/download\/etude-sur-le-redemarrage-du-secteur-evenementiel-juin-2022\/'>Etude sur le red\u00e9marrage du secteur \u00e9v\u00e8nementiel : juin 2022<\/a><\/h3>\n                <div class=\"text-muted text-small\"><i class=\"fas fa-copy\"><\/i> 1 file(s) <i class=\"fas fa-hdd ml-3\"><\/i> 9.29 MB<\/div>\n            <\/div>\n            <div class=\"ml-3\">\n                <a class='wpdm-download-link download-on-click btn btn-primary ' rel='nofollow' href='#' data-downloadurl=\"https:\/\/www.lab-event.com\/en\/download\/etude-sur-le-redemarrage-du-secteur-evenementiel-juin-2022\/?wpdmdl=13960&refresh=69e1567db5e6b1776375421\">Download<\/a>\n            <\/div>\n        <\/div>\n    <\/div>\n<\/div>\n\n<\/div>[\/vc_column_text][\/vc_column][\/vc_row]<\/p>\n<\/div>","protected":false},"excerpt":{"rendered":"<p>[vc_row][vc_column][vc_column_text][\/vc_column_text][\/vc_column][\/vc_row]<\/p>\n","protected":false},"author":25,"featured_media":0,"parent":0,"menu_order":0,"comment_status":"closed","ping_status":"closed","template":"","meta":{"footnotes":""},"class_list":["post-31045","page","type-page","status-publish","hentry","description-off"],"_links":{"self":[{"href":"https:\/\/www.lab-event.com\/en\/wp-json\/wp\/v2\/pages\/31045","targetHints":{"allow":["GET"]}}],"collection":[{"href":"https:\/\/www.lab-event.com\/en\/wp-json\/wp\/v2\/pages"}],"about":[{"href":"https:\/\/www.lab-event.com\/en\/wp-json\/wp\/v2\/types\/page"}],"author":[{"embeddable":true,"href":"https:\/\/www.lab-event.com\/en\/wp-json\/wp\/v2\/users\/25"}],"replies":[{"embeddable":true,"href":"https:\/\/www.lab-event.com\/en\/wp-json\/wp\/v2\/comments?post=31045"}],"version-history":[{"count":1,"href":"https:\/\/www.lab-event.com\/en\/wp-json\/wp\/v2\/pages\/31045\/revisions"}],"predecessor-version":[{"id":31492,"href":"https:\/\/www.lab-event.com\/en\/wp-json\/wp\/v2\/pages\/31045\/revisions\/31492"}],"wp:attachment":[{"href":"https:\/\/www.lab-event.com\/en\/wp-json\/wp\/v2\/media?parent=31045"}],"curies":[{"name":"wp","href":"https:\/\/api.w.org\/{rel}","templated":true}]}}