{"id":25641,"date":"2024-11-13T16:16:03","date_gmt":"2024-11-13T15:16:03","guid":{"rendered":"https:\/\/www.lab-event.com\/?page_id=25641"},"modified":"2024-11-13T16:16:03","modified_gmt":"2024-11-13T15:16:03","slug":"boost-your-conversion-opportunities-5","status":"publish","type":"page","link":"https:\/\/www.lab-event.com\/en\/boost-your-conversion-opportunities-5\/","title":{"rendered":"Boost your conversion opportunities"},"content":{"rendered":"<div class=\"wpb-content-wrapper\"><p>[vc_row type=&#8221;4&#8243; margin_bottom=&#8221;0&#8243; bg_color=&#8221;#042a47&#8243; css=&#8221;.vc_custom_1730210224061{margin-bottom: 0px !important;background-image: url(https:\/\/www.lab-event.com\/wp-content\/themes\/child\/images\/vague1.png?id=) !important;}&#8221; min_height=&#8221;250&#8243;][vc_column width=&#8221;1\/2&#8243;][vc_empty_space height=&#8221;60px&#8221;][vc_column_text]<\/p>\n<h1>Cr\u00e9ez des documents<br \/>\nqui captivent<\/h1>\n<p>[\/vc_column_text][vc_column_text]<\/p>\n<div class=\"sous_titre_landing\">\n<h4 style=\"text-align: left;\"><span style=\"color: #ffffff;\">Devis, brochures, contrats, recommandations, roadbooks, fiches d\u2019exploitation\u2026 Donnez vie \u00e0 tous vos supports professionnels avec des documents visuels percutants !<\/span><\/h4>\n<\/div>\n<p>[\/vc_column_text][vc_column_text css=&#8221;.vc_custom_1730975951605{margin-top: -20px !important;}&#8221;]<\/p>\n<h6 style=\"text-align: left;\"><span style=\"color: #63dfcd;\">Fonctionnalit\u00e9 incluse \u00e0 partir de l&#8217;offre <strong><a style=\"color: #63dfcd; text-decoration: underline;\" href=\"https:\/\/www.lab-event.com\/tarifs-lab-event\/#1663083755632-59969bbc-ea8e\">EXPERT<\/a><\/strong><\/span><\/h6>\n<p>[\/vc_column_text][vc_row_inner][vc_column_inner width=&#8221;1\/2&#8243;][vc_column_text][vc_btn title=&#8221;TRY FOR FREE !&#8221; style=&#8221;classic&#8221; color=&#8221;white&#8221; size=&#8221;lg&#8221; align=&#8221;center&#8221; button_block=&#8221;true&#8221; css=&#8221;.vc_custom_1572218549652{border-radius: 5px !important;}&#8221; el_id=&#8221;bouton_essai&#8221; link=&#8221;url:https%3A%2F%2Fwww.lab-event.com%2Fen%2Ftry-lab-event-for-free%2F|&#8221;][\/vc_column_text][\/vc_column_inner][vc_column_inner width=&#8221;1\/4&#8243;][\/vc_column_inner][\/vc_row_inner][vc_empty_space height=&#8221;100px&#8221;][\/vc_column][vc_column width=&#8221;1\/2&#8243; offset=&#8221;vc_hidden-xs&#8221;][vc_empty_space height=&#8221;100px&#8221;][vc_single_image img_size=&#8221;full&#8221; alignment=&#8221;center&#8221; css=&#8221;.vc_custom_1730301580564{margin-right: -150px !important;}&#8221;][\/vc_column][\/vc_row][vc_row][vc_column][\/vc_column][\/vc_row][vc_row type=&#8221;1&#8243; margin_top=&#8221;0&#8243; margin_bottom=&#8221;-50px&#8221; full_width_row=&#8221;true&#8221; min_height=&#8221;164px&#8221; bg_image=&#8221;https:\/\/www.lab-event.com\/wp-content\/themes\/child\/images\/vague1.png&#8221; css=&#8221;.vc_custom_1730299785463{margin-bottom: 0px !important;background-image: url(https:\/\/www.lab-event.com\/wp-content\/themes\/child\/images\/vague1.png?id=) !important;}&#8221;][vc_column][\/vc_column][\/vc_row][vc_row][vc_column][vc_column_text][\/vc_column_text][vc_row_inner][vc_column_inner width=&#8221;1\/3&#8243; offset=&#8221;vc_hidden-lg vc_hidden-md vc_hidden-sm vc_hidden-xs&#8221;][vc_column_text]<\/p>\n<h3 style=\"text-align: center;\"><strong><img decoding=\"async\" class=\"alignnone wp-image-21352\" src=\"https:\/\/www.lab-event.com\/wp-content\/uploads\/2024\/05\/1.png\" alt=\"Cr\u00e9ez votre formulaire personnalis\u00e9\" width=\"68\" height=\"69\" srcset=\"https:\/\/www.lab-event.com\/wp-content\/uploads\/2024\/05\/1.png 244w, https:\/\/www.lab-event.com\/wp-content\/uploads\/2024\/05\/1-150x150.png 150w\" sizes=\"(max-width: 68px) 100vw, 68px\" \/><br \/>\n<\/strong><strong>Cr\u00e9ez votre formulaire personnalis\u00e9<\/strong><\/h3>\n<p style=\"text-align: center;\">Concevez un formulaire de contact en 5 minutes : personnalisez les options selon vos besoins sp\u00e9cifiques.<\/p>\n<p>[\/vc_column_text][vc_column_text][\/vc_column_text][\/vc_column_inner][vc_column_inner width=&#8221;1\/3&#8243; offset=&#8221;vc_hidden-lg vc_hidden-md vc_hidden-sm vc_hidden-xs&#8221;][vc_column_text]<\/p>\n<h3 style=\"text-align: center;\"><strong style=\"font-size: 14px;\"><img decoding=\"async\" class=\"alignnone wp-image-21356\" src=\"https:\/\/www.lab-event.com\/wp-content\/uploads\/2024\/05\/2.png\" alt=\"Int\u00e9grez le formulaire en ligne\" width=\"68\" height=\"69\" srcset=\"https:\/\/www.lab-event.com\/wp-content\/uploads\/2024\/05\/2.png 244w, https:\/\/www.lab-event.com\/wp-content\/uploads\/2024\/05\/2-150x150.png 150w\" sizes=\"(max-width: 68px) 100vw, 68px\" \/><br \/>\n<\/strong><strong>Int\u00e9grez le formulaire<br \/>\n<\/strong><strong>en ligne<\/strong><\/h3>\n<p style=\"text-align: center;\">Ajoutez votre formulaire de contact sur tout type de support en ligne (site web, emails, r\u00e9seaux sociaux&#8230;)<\/p>\n<p>[\/vc_column_text][\/vc_column_inner][vc_column_inner width=&#8221;1\/3&#8243; offset=&#8221;vc_hidden-lg vc_hidden-md vc_hidden-sm vc_hidden-xs&#8221;][vc_column_text]<\/p>\n<h3 style=\"text-align: center;\"><strong><img decoding=\"async\" class=\"alignnone wp-image-21359\" src=\"https:\/\/www.lab-event.com\/wp-content\/uploads\/2024\/05\/3.png\" alt=\"Recevez vos demandes dans Lab Event\" width=\"68\" height=\"69\" srcset=\"https:\/\/www.lab-event.com\/wp-content\/uploads\/2024\/05\/3.png 244w, https:\/\/www.lab-event.com\/wp-content\/uploads\/2024\/05\/3-150x150.png 150w\" sizes=\"(max-width: 68px) 100vw, 68px\" \/><br \/>\nRecevez vos demandes dans Lab Event<\/strong><\/h3>\n<p style=\"text-align: center;\">Vous recevez en temps r\u00e9el toutes les informations n\u00e9cessaires pour traiter efficacement chaque demande.<\/p>\n<p>[\/vc_column_text][\/vc_column_inner][\/vc_row_inner][\/vc_column][\/vc_row][vc_row type=&#8221;5&#8243; margin_bottom=&#8221;0&#8243; bg_color=&#8221;#ffffff&#8221; css=&#8221;.vc_custom_1730216657667{background-image: url(https:\/\/www.lab-event.com\/wp-content\/themes\/child\/images\/vague1.png?id=) !important;}&#8221;][vc_column width=&#8221;1\/2&#8243; offset=&#8221;vc_hidden-xs&#8221;][vc_single_image img_size=&#8221;full&#8221; alignment=&#8221;center&#8221; css=&#8221;.vc_custom_1730303087140{margin-top: 60px !important;margin-left: -80px !important;}&#8221;][\/vc_column][vc_column width=&#8221;1\/2&#8243; offset=&#8221;vc_hidden-xs&#8221; css=&#8221;.vc_custom_1730299605611{margin-top: -50px !important;}&#8221;][vc_empty_space height=&#8221;50px&#8221;][vc_column_text]<\/p>\n<div class=\"sous_titre_landing\">\n<h2 style=\"text-align: left;\"><b>Un outil de cr\u00e9ation 100% personnalisable<br \/>\n<\/b><\/h2>\n<\/div>\n<p>[\/vc_column_text][vc_column_text]<\/p>\n<h4><span style=\"color: #333333;\">Cr\u00e9ez des mod\u00e8les uniques qui s&#8217;adaptent automatiquement aux informations de vos \u00e9v\u00e9nements et devis pour vous faire gagner un temps pr\u00e9cieux.<\/span><\/h4>\n<p>[\/vc_column_text][vc_column_text]<\/p>\n<h4 class=\"g_body_m--fw2--c_text1\"><strong><span style=\"color: #63dfcd;\">\u2713\u00a0 <\/span><\/strong><span style=\"color: #63dfcd;\"><span style=\"color: #333333;\">C<\/span><\/span><span style=\"color: #63dfcd;\"><span style=\"color: #333333;\">oncevez des mod\u00e8les r\u00e9utilisables gr\u00e2ce \u00e0 des champs de fusion int\u00e9gr\u00e9s.<br \/>\n<\/span><\/span><\/h4>\n<h4 class=\"g_body_m--fw2--c_text1\"><strong><span style=\"color: #63dfcd;\">\u2713\u00a0 <\/span><\/strong><span style=\"color: #333333;\">Laissez libre cours \u00e0 votre cr\u00e9ativit\u00e9 pour des documents \u00e0 l&#8217;image de votre entreprise.<\/span><\/h4>\n<h4 class=\"g_body_m--fw2--c_text1\"><strong><span style=\"color: #63dfcd;\">\u2713\u00a0 <\/span><\/strong><span style=\"color: #333333;\">Ajoutez logos, couleurs, visuels et bien plus, pour des documents qui vous ressemblent vraiment.<\/span><\/h4>\n<p>[\/vc_column_text][\/vc_column][\/vc_row][vc_row type=&#8221;5&#8243; bg_color=&#8221;#f9f9fc&#8221; css=&#8221;.vc_custom_1730206684468{margin-bottom: 0px !important;background-image: url(https:\/\/www.lab-event.com\/wp-content\/themes\/child\/images\/vague1.png?id=) !important;}&#8221;][vc_column width=&#8221;1\/2&#8243; offset=&#8221;vc_hidden-xs&#8221;][vc_empty_space height=&#8221;80px&#8221;][vc_column_text]<\/p>\n<div class=\"sous_titre_landing\">\n<h2 class=\"c-home-second-section__item-title\" style=\"text-align: left;\"><strong>Int\u00e9gration automatique des informations<\/strong><\/h2>\n<\/div>\n<p>[\/vc_column_text][vc_column_text]<\/p>\n<div class=\"sous_titre_landing\">\n<h4 style=\"text-align: left;\">Gr\u00e2ce \u00e0 une fusion automatique des donn\u00e9es, vos documents sont cr\u00e9\u00e9s avec pr\u00e9cision en utilisant vos fiches produits, devis et autres sources.<\/h4>\n<\/div>\n<p>[\/vc_column_text][vc_column_text]<\/p>\n<div class=\"sous_titre_landing\">\n<h4 class=\"g_body_m--fw2--c_text1\" style=\"text-align: left;\"><strong><span style=\"color: #63dfcd;\">\u2713\u00a0 <\/span><\/strong><span style=\"color: #63dfcd;\"><span style=\"color: #333333;\">T<\/span><\/span><span style=\"color: #333333;\">ransformez vos propositions chiffr\u00e9es en pr\u00e9sentations professionnelles.<\/span><strong><span style=\"color: #63dfcd;\"><br \/>\n<\/span><\/strong><\/h4>\n<h4 class=\"g_body_m--fw2--c_text1\" style=\"text-align: left;\"><strong><span style=\"color: #63dfcd;\">\u2713\u00a0 <\/span><\/strong><span style=\"color: #63dfcd;\"><span style=\"color: #333333;\">Convertissez un devis en un contrat finalis\u00e9, sans duplication ni perte de temps.<\/span><\/span><strong><span style=\"color: #63dfcd;\"><br \/>\n<\/span><\/strong><\/h4>\n<h4 class=\"g_body_m--fw2--c_text1\" style=\"text-align: left;\"><strong><span style=\"color: #63dfcd;\">\u2713\u00a0 <\/span><\/strong><span style=\"color: #63dfcd;\"><span style=\"color: #333333;\">R<\/span><\/span><span style=\"color: #333333;\">oadbooks, fiches d\u2019exploitation, fiches de fonction, bons d\u2019\u00e9change\u2026 g\u00e9n\u00e9rez tout ce dont vous avez besoin sans avoir \u00e0 tout r\u00e9\u00e9crire !<\/span><\/h4>\n<\/div>\n<p>[\/vc_column_text][vc_empty_space height=&#8221;80px&#8221;][\/vc_column][vc_column width=&#8221;1\/2&#8243; offset=&#8221;vc_hidden-xs&#8221;][vc_single_image img_size=&#8221;full&#8221; onclick=&#8221;zoom&#8221; css=&#8221;.vc_custom_1730304347187{margin-top: 60px !important;margin-right: -80px !important;}&#8221;][vc_empty_space height=&#8221;&#8221;][\/vc_column][\/vc_row][vc_row type=&#8221;5&#8243; margin_bottom=&#8221;0&#8243; bg_color=&#8221;#ffffff&#8221; css=&#8221;.vc_custom_1730206730252{margin-bottom: 0px !important;background-image: url(https:\/\/www.lab-event.com\/wp-content\/themes\/child\/images\/vague1.png?id=) !important;}&#8221;][vc_column width=&#8221;1\/2&#8243; offset=&#8221;vc_hidden-xs&#8221;][vc_empty_space height=&#8221;50px&#8221;][vc_single_image img_size=&#8221;full&#8221; onclick=&#8221;zoom&#8221; css=&#8221;.vc_custom_1730305417371{margin-left: -100px !important;}&#8221;][\/vc_column][vc_column width=&#8221;1\/2&#8243; offset=&#8221;vc_hidden-xs&#8221;][vc_empty_space height=&#8221;80px&#8221;][vc_column_text css=&#8221;.vc_custom_1730975560045{margin-left: 30px !important;}&#8221;]<\/p>\n<div class=\"sous_titre_landing\">\n<h2 style=\"text-align: left;\"><span style=\"color: #333333;\"><strong>Des fonctionnalit\u00e9s avanc\u00e9es pour aller plus loin<\/strong><\/span><\/h2>\n<\/div>\n<p>[\/vc_column_text][vc_column_text css=&#8221;.vc_custom_1730975997276{margin-left: 30px !important;}&#8221;]<\/p>\n<h4 style=\"text-align: left;\"><span style=\"color: #333333;\">L\u2019outil transforme vos donn\u00e9es en v\u00e9ritables &#8220;smart documents&#8221;, \u00e0 fort impact visuel et pr\u00eats \u00e0 l\u2019emploi.<\/span><\/h4>\n<p>[\/vc_column_text][vc_column_text css=&#8221;.vc_custom_1730975689988{margin-left: 30px !important;}&#8221;]<\/p>\n<div class=\"sous_titre_landing\">\n<h4 class=\"g_body_m--fw2--c_text1\" style=\"text-align: left;\"><strong><span style=\"color: #63dfcd;\">\u2713\u00a0<\/span><\/strong><span style=\"color: #333333;\"> Transformez vos fiches produits en un outil de communication puissant.<\/span><\/h4>\n<h4 class=\"g_body_m--fw2--c_text1\" style=\"text-align: left;\"><strong><span style=\"color: #63dfcd;\">\u2713\u00a0 <\/span><\/strong><span style=\"color: #63dfcd;\"><span style=\"color: #333333;\">Partagez <\/span><\/span><span style=\"color: #63dfcd;\"><span style=\"color: #333333;\">vos documents par email en un clic.<\/span><\/span><strong><span style=\"color: #63dfcd;\"><br \/>\n<\/span><\/strong><\/h4>\n<h4 class=\"g_body_m--fw2--c_text1\" style=\"text-align: left;\"><strong><span style=\"color: #63dfcd;\">\u2713\u00a0 <\/span><\/strong><span style=\"color: #333333;\">Signature \u00e9lectronique int\u00e9gr\u00e9e directement dans vos documents.<\/span><\/h4>\n<h4 class=\"g_body_m--fw2--c_text1\" style=\"text-align: left;\"><span style=\"color: #333333;\">\u00a0<\/span><\/h4>\n<\/div>\n<p>[\/vc_column_text][vc_empty_space height=&#8221;80px&#8221;][\/vc_column][\/vc_row][vc_row type=&#8221;4&#8243; margin_bottom=&#8221;0&#8243; bg_color=&#8221;#042a47&#8243; css=&#8221;.vc_custom_1728308758965{margin-bottom: 0px !important;background-image: url(https:\/\/www.lab-event.com\/wp-content\/themes\/child\/images\/vague1.png?id=) !important;}&#8221;][vc_column][vc_empty_space height=&#8221;80px&#8221;][vc_column_text]<\/p>\n<h2 style=\"text-align: center;\"><strong>\u00a0Profitez de notre solution pour moderniser tous vos supports professionnels !<\/strong><\/h2>\n<p>[\/vc_column_text][vc_column_text]<\/p>\n<div class=\"sous_titre_landing\">\n<h4 style=\"text-align: center;\"><span style=\"color: #ffffff;\">Prenez rendez-vous d\u00e8s aujourd&#8217;hui pour d\u00e9couvrir comment Lab Event peut transformer <\/span><span style=\"color: #ffffff;\">la gestion de vos \u00e9v\u00e9nements.<\/span><\/h4>\n<\/div>\n<p>[\/vc_column_text][vc_row_inner][vc_column_inner width=&#8221;1\/3&#8243;][\/vc_column_inner][vc_column_inner width=&#8221;1\/3&#8243;][vc_column_text][vc_btn title=&#8221;Request a demo&#8221; style=&#8221;classic&#8221; color=&#8221;white&#8221; size=&#8221;lg&#8221; align=&#8221;center&#8221; button_block=&#8221;true&#8221; css=&#8221;.vc_custom_1572218549652{border-radius: 5px !important;}&#8221; el_id=&#8221;bouton_essai&#8221; link=&#8221;url:https%3A%2F%2Fwww.lab-event.com%2Fen%2Fask-for-a-demo%2F|&#8221;][\/vc_column_text][\/vc_column_inner][vc_column_inner width=&#8221;1\/3&#8243;][\/vc_column_inner][\/vc_row_inner][vc_empty_space height=&#8221;80px&#8221;][\/vc_column][\/vc_row][vc_row][vc_column][vc_empty_space height=&#8221;30px&#8221;][vc_column_text css=&#8221;.vc_custom_1717515069979{padding-top: 80px !important;}&#8221;]<\/p>\n<h2 style=\"text-align: center;\"><span style=\"color: #6ee3d6;\">N\u00b01 des logiciels pour les pros de<\/span><br \/>\n<span style=\"color: #6ee3d6;\">l&#8217;\u00e9v\u00e9nementiel, utilis\u00e9 par plus de 500 clients.<\/span><\/h2>\n<p>[\/vc_column_text][vc_empty_space][vc_raw_html]W3NsaWRlLWFueXRoaW5nIGlkPSIxOTA3OCJd[\/vc_raw_html][\/vc_column][\/vc_row][vc_row][vc_column][vc_column_text css=&#8221;.vc_custom_1716991666561{padding-top: 100px !important;}&#8221;]<\/p>\n<h2>Articles les + consult\u00e9s :<\/h2>\n<p>[\/vc_column_text][vc_empty_space][\/vc_column][\/vc_row][vc_row][vc_column width=&#8221;1\/3&#8243;][vc_single_image image=&#8221;11426&#8243; img_size=&#8221;large&#8221; style=&#8221;vc_box_rounded&#8221; onclick=&#8221;custom_link&#8221; link=&#8221;https:\/\/www.lab-event.com\/en\/how-to-easily-integrate-an-online-reservation-form\/&#8221;][vc_column_text]<\/p>\n<h3><a href=\"https:\/\/www.lab-event.com\/comment-integrer-facilement-un-formulaire-de-reservation-en-ligne\/\"><span style=\"color: #6ee0e0;\">Comment int\u00e9grer facilement un formulaire de r\u00e9servation en ligne ?<\/span><\/a><\/h3>\n<p>Avec un formulaire de r\u00e9servation en ligne, vous pouvez g\u00e9n\u00e9rer des r\u00e9servations directes sur votre site, vous gagnerez en rapidit\u00e9 et autonomie.[\/vc_column_text][\/vc_column][vc_column width=&#8221;1\/3&#8243;][vc_single_image image=&#8221;13750&#8243; img_size=&#8221;350&#215;237&#8243; alignment=&#8221;center&#8221; style=&#8221;vc_box_rounded&#8221; onclick=&#8221;custom_link&#8221; link=&#8221;https:\/\/www.lab-event.com\/en\/how-to-make-a-good-sales-presentation-in-the-event-industry\/&#8221;][vc_column_text]<\/p>\n<h3><a href=\"https:\/\/www.lab-event.com\/comment-faire-une-presentation-commerciale-evenementiel\/\"><span style=\"color: #6ee0e0;\">Comment faire une bonne pr\u00e9sentation commerciale dans l\u2019\u00e9v\u00e9nementiel ?<\/span><\/a><\/h3>\n<p>Que vous soyez novice ou professionnel, on vous livre toutes les \u00e9tapes \u00e0 suivre pour faire une bonne pr\u00e9sentation commerciale dans l\u2019\u00e9v\u00e9nementiel ![\/vc_column_text][\/vc_column][vc_column width=&#8221;1\/3&#8243;][vc_single_image image=&#8221;13554&#8243; img_size=&#8221;large&#8221; style=&#8221;vc_box_rounded&#8221; onclick=&#8221;custom_link&#8221; link=&#8221;https:\/\/www.lab-event.com\/en\/the-end-of-excel-in-the-event-industry\/&#8221;][vc_column_text]<\/p>\n<h3><a href=\"https:\/\/www.lab-event.com\/la-fin-dexcel-dans-levenementiel\/\"><span style=\"color: #6ee0e0;\">La fin d&#8217;Excel dans l&#8217;\u00e9v\u00e9nementiel ?<\/span><\/a><\/h3>\n<p>Les feuilles de calculs peuvent \u00eatre pratiques, mais n&#8217;ont pas toujours la m\u00eame puissance qu&#8217;un logiciel \u00e9v\u00e9nementiel.[\/vc_column_text][\/vc_column][\/vc_row]<\/p>\n<\/div>","protected":false},"excerpt":{"rendered":"<p>[vc_row type=&#8221;4&#8243; margin_bottom=&#8221;0&#8243; bg_color=&#8221;#042a47&#8243; css=&#8221;.vc_custom_1730210224061{margin-bottom: 0px !important;background-image: url(https:\/\/www.lab-event.com\/wp-content\/themes\/child\/images\/vague1.png?id=) !important;}&#8221; min_height=&#8221;250&#8243;][vc_column width=&#8221;1\/2&#8243;][vc_empty_space height=&#8221;60px&#8221;][vc_column_text] Cr\u00e9ez des documents qui captivent [\/vc_column_text][vc_column_text] Devis, brochures, contrats, recommandations, roadbooks, fiches d\u2019exploitation\u2026 Donnez vie \u00e0 tous vos supports professionnels avec des documents visuels percutants ! [\/vc_column_text][vc_column_text css=&#8221;.vc_custom_1730975951605{margin-top: -20px !important;}&#8221;] Fonctionnalit\u00e9 incluse \u00e0 partir de l&#8217;offre EXPERT [\/vc_column_text][vc_row_inner][vc_column_inner width=&#8221;1\/2&#8243;][vc_column_text][vc_btn title=&#8221;TRY FOR FREE !&#8221;&hellip;<\/p>\n","protected":false},"author":25,"featured_media":25328,"parent":0,"menu_order":0,"comment_status":"closed","ping_status":"closed","template":"","meta":{"footnotes":""},"class_list":["post-25641","page","type-page","status-publish","has-post-thumbnail","hentry","description-off"],"_links":{"self":[{"href":"https:\/\/www.lab-event.com\/en\/wp-json\/wp\/v2\/pages\/25641","targetHints":{"allow":["GET"]}}],"collection":[{"href":"https:\/\/www.lab-event.com\/en\/wp-json\/wp\/v2\/pages"}],"about":[{"href":"https:\/\/www.lab-event.com\/en\/wp-json\/wp\/v2\/types\/page"}],"author":[{"embeddable":true,"href":"https:\/\/www.lab-event.com\/en\/wp-json\/wp\/v2\/users\/25"}],"replies":[{"embeddable":true,"href":"https:\/\/www.lab-event.com\/en\/wp-json\/wp\/v2\/comments?post=25641"}],"version-history":[{"count":2,"href":"https:\/\/www.lab-event.com\/en\/wp-json\/wp\/v2\/pages\/25641\/revisions"}],"predecessor-version":[{"id":25811,"href":"https:\/\/www.lab-event.com\/en\/wp-json\/wp\/v2\/pages\/25641\/revisions\/25811"}],"wp:featuredmedia":[{"embeddable":true,"href":"https:\/\/www.lab-event.com\/en\/wp-json\/wp\/v2\/media\/25328"}],"wp:attachment":[{"href":"https:\/\/www.lab-event.com\/en\/wp-json\/wp\/v2\/media?parent=25641"}],"curies":[{"name":"wp","href":"https:\/\/api.w.org\/{rel}","templated":true}]}}